{"id":21,"date":"2019-09-11T09:47:11","date_gmt":"2019-09-11T09:47:11","guid":{"rendered":"http:\/\/127.0.0.1\/wpeduexpert\/?page_id=21"},"modified":"2024-03-12T22:24:58","modified_gmt":"2024-03-12T22:24:58","slug":"nosotros","status":"publish","type":"page","link":"https:\/\/gepra.cl\/?page_id=21","title":{"rendered":"Nosotros"},"content":{"rendered":"\r\n\r\n\r\n\r\n\r\n<h3>Nuestra Experiencia<\/h3>\r\n\r\n\r\n\r\n<p>Gerenciamiento en grandes obras en Chile: Costanera Center, GAM, Parque Titanium, entre otros.<\/p>\r\n\r\n\r\n\r\n<p>Dise\u00f1o y habilitaci\u00f3n de Tiendas Retail, m\u00e1s de 60 tiendas comerciales y 10 tiendas \u00edconos.<\/p>\r\n\r\n\r\n\r\n<p>Dise\u00f1o y habilitaci\u00f3n de espacios de trabajo, m\u00e1s de 45 mil m2 habilitados de oficinas en edificios corporativos.<\/p>\r\n\r\n\r\n\r\n<p>Arriendos, subarriendos y ventas de activos, seg\u00fan m\u00e9tricas desarrolladas en Plan Estrat\u00e9gico.<\/p>\r\n\r\n\r\n\r\n\r\n\r\n\r\n\r\n<h3>Nuestros Proyectos<\/h3>\r\n\r\n\r\n\r\n\r\n\r\n\r\n\r\n\r\n\r\n\r\n\r\n\r\n\r\n\r\n\r\n\r\n\r\n\r\n\r\n\r\n\r\n\r\n\r\n\r\n\r\n\r\n\r\n\r\n\r\n\r\n\r\n\r\n\r\n\r\n\r\n\r\n\r\n\r\n\r\n<p>&nbsp;<\/p>","protected":false},"excerpt":{"rendered":"<p>&nbsp;<\/p>\n","protected":false},"author":1,"featured_media":0,"parent":0,"menu_order":0,"comment_status":"closed","ping_status":"closed","template":"","meta":[],"_links":{"self":[{"href":"https:\/\/gepra.cl\/index.php?rest_route=\/wp\/v2\/pages\/21"}],"collection":[{"href":"https:\/\/gepra.cl\/index.php?rest_route=\/wp\/v2\/pages"}],"about":[{"href":"https:\/\/gepra.cl\/index.php?rest_route=\/wp\/v2\/types\/page"}],"author":[{"embeddable":true,"href":"https:\/\/gepra.cl\/index.php?rest_route=\/wp\/v2\/users\/1"}],"replies":[{"embeddable":true,"href":"https:\/\/gepra.cl\/index.php?rest_route=%2Fwp%2Fv2%2Fcomments&post=21"}],"version-history":[{"count":8,"href":"https:\/\/gepra.cl\/index.php?rest_route=\/wp\/v2\/pages\/21\/revisions"}],"predecessor-version":[{"id":585,"href":"https:\/\/gepra.cl\/index.php?rest_route=\/wp\/v2\/pages\/21\/revisions\/585"}],"wp:attachment":[{"href":"https:\/\/gepra.cl\/index.php?rest_route=%2Fwp%2Fv2%2Fmedia&parent=21"}],"curies":[{"name":"wp","href":"https:\/\/api.w.org\/{rel}","templated":true}]}}